{"id":2097,"date":"2025-04-01T12:04:13","date_gmt":"2025-04-01T10:04:13","guid":{"rendered":"https:\/\/tourinformzamardi.hu\/?page_id=2097"},"modified":"2025-04-23T10:48:54","modified_gmt":"2025-04-23T08:48:54","slug":"media-es-fototar","status":"publish","type":"page","link":"https:\/\/tourinformzamardi.hu\/en\/media-es-fototar\/","title":{"rendered":"Videos and photos"},"content":{"rendered":"<div data-elementor-type=\"wp-page\" data-elementor-id=\"2097\" class=\"elementor elementor-2097\">\n\t\t\t\t<div class=\"elementor-element elementor-element-7318bfe e-flex e-con-boxed e-con e-parent\" data-id=\"7318bfe\" data-element_type=\"container\" data-e-type=\"container\">\n\t\t\t\t\t<div class=\"e-con-inner\">\n\t\t\t\t<div class=\"elementor-element elementor-element-f150fe3 gallery-spacing-custom elementor-widget elementor-widget-image-gallery\" data-id=\"f150fe3\" data-element_type=\"widget\" data-e-type=\"widget\" data-widget_type=\"image-gallery.default\">\n\t\t\t\t<div class=\"elementor-widget-container\">\n\t\t\t\t\t\t\t<div class=\"elementor-image-gallery\">\n\t\t\t<div id='gallery-1' class='gallery galleryid-2097 gallery-columns-3 gallery-size-large'><figure class='gallery-item'>\n\t\t\t<div class='gallery-icon landscape'>\n\t\t\t\t<a data-elementor-open-lightbox=\"yes\" data-elementor-lightbox-slideshow=\"f150fe3\" data-elementor-lightbox-title=\"V\u00e1ros k\u00f6zpont nappal\" data-e-action-hash=\"#elementor-action%3Aaction%3Dlightbox%26settings%3DeyJpZCI6MjQxMCwidXJsIjoiaHR0cHM6XC9cL3RvdXJpbmZvcm16YW1hcmRpLmh1XC93cC1jb250ZW50XC91cGxvYWRzXC8yMDI1XC8wNFwvVmFyb3Mta296cG9udC1uYXBwYWwuanBnIiwic2xpZGVzaG93IjoiZjE1MGZlMyJ9\" href='https:\/\/tourinformzamardi.hu\/wp-content\/uploads\/2025\/04\/Varos-kozpont-nappal.jpg'><img fetchpriority=\"high\" decoding=\"async\" width=\"1024\" height=\"768\" src=\"https:\/\/tourinformzamardi.hu\/wp-content\/uploads\/2025\/04\/Varos-kozpont-nappal-1024x768.jpg\" class=\"attachment-large size-large\" alt=\"V\u00e1ros k\u00f6zpont nappal\" aria-describedby=\"gallery-1-2410\" srcset=\"https:\/\/tourinformzamardi.hu\/wp-content\/uploads\/2025\/04\/Varos-kozpont-nappal-1024x768.jpg 1024w, https:\/\/tourinformzamardi.hu\/wp-content\/uploads\/2025\/04\/Varos-kozpont-nappal-300x225.jpg 300w, https:\/\/tourinformzamardi.hu\/wp-content\/uploads\/2025\/04\/Varos-kozpont-nappal-768x576.jpg 768w, https:\/\/tourinformzamardi.hu\/wp-content\/uploads\/2025\/04\/Varos-kozpont-nappal-1536x1151.jpg 1536w, https:\/\/tourinformzamardi.hu\/wp-content\/uploads\/2025\/04\/Varos-kozpont-nappal-2048x1535.jpg 2048w, https:\/\/tourinformzamardi.hu\/wp-content\/uploads\/2025\/04\/Varos-kozpont-nappal-16x12.jpg 16w\" sizes=\"(max-width: 1024px) 100vw, 1024px\" \/><\/a>\n\t\t\t<\/div>\n\t\t\t\t<figcaption class='wp-caption-text gallery-caption' id='gallery-1-2410'>\n\t\t\t\tV\u00e1rosk\u00f6zpont nappal\n\t\t\t\t<\/figcaption><\/figure><figure class='gallery-item'>\n\t\t\t<div class='gallery-icon landscape'>\n\t\t\t\t<a data-elementor-open-lightbox=\"yes\" data-elementor-lightbox-slideshow=\"f150fe3\" data-elementor-lightbox-title=\"V\u00e1rosk\u00f6zpont kora este\" data-e-action-hash=\"#elementor-action%3Aaction%3Dlightbox%26settings%3DeyJpZCI6MjQxMSwidXJsIjoiaHR0cHM6XC9cL3RvdXJpbmZvcm16YW1hcmRpLmh1XC93cC1jb250ZW50XC91cGxvYWRzXC8yMDI1XC8wNFwvVmFyb3Nrb3pwb250LWtvcmEtZXN0ZS5qcGciLCJzbGlkZXNob3ciOiJmMTUwZmUzIn0%3D\" href='https:\/\/tourinformzamardi.hu\/wp-content\/uploads\/2025\/04\/Varoskozpont-kora-este.jpg'><img decoding=\"async\" width=\"1024\" height=\"768\" src=\"https:\/\/tourinformzamardi.hu\/wp-content\/uploads\/2025\/04\/Varoskozpont-kora-este-1024x768.jpg\" class=\"attachment-large size-large\" alt=\"V\u00e1rosk\u00f6zpont kora este\" aria-describedby=\"gallery-1-2411\" srcset=\"https:\/\/tourinformzamardi.hu\/wp-content\/uploads\/2025\/04\/Varoskozpont-kora-este-1024x768.jpg 1024w, https:\/\/tourinformzamardi.hu\/wp-content\/uploads\/2025\/04\/Varoskozpont-kora-este-300x225.jpg 300w, https:\/\/tourinformzamardi.hu\/wp-content\/uploads\/2025\/04\/Varoskozpont-kora-este-768x576.jpg 768w, https:\/\/tourinformzamardi.hu\/wp-content\/uploads\/2025\/04\/Varoskozpont-kora-este-1536x1151.jpg 1536w, https:\/\/tourinformzamardi.hu\/wp-content\/uploads\/2025\/04\/Varoskozpont-kora-este-2048x1535.jpg 2048w, https:\/\/tourinformzamardi.hu\/wp-content\/uploads\/2025\/04\/Varoskozpont-kora-este-16x12.jpg 16w\" sizes=\"(max-width: 1024px) 100vw, 1024px\" \/><\/a>\n\t\t\t<\/div>\n\t\t\t\t<figcaption class='wp-caption-text gallery-caption' id='gallery-1-2411'>\n\t\t\t\tCity center early evening\n\t\t\t\t<\/figcaption><\/figure><figure class='gallery-item'>\n\t\t\t<div class='gallery-icon landscape'>\n\t\t\t\t<a data-elementor-open-lightbox=\"yes\" data-elementor-lightbox-slideshow=\"f150fe3\" data-elementor-lightbox-title=\"Zam\u00e1rdi, a Balaton Sz\u00edve\" data-e-action-hash=\"#elementor-action%3Aaction%3Dlightbox%26settings%3DeyJpZCI6MjQxMiwidXJsIjoiaHR0cHM6XC9cL3RvdXJpbmZvcm16YW1hcmRpLmh1XC93cC1jb250ZW50XC91cGxvYWRzXC8yMDI1XC8wNFwvWmFtYXJkaS1hLUJhbGF0b25Teml2ZS0xLmpwZyIsInNsaWRlc2hvdyI6ImYxNTBmZTMifQ%3D%3D\" href='https:\/\/tourinformzamardi.hu\/wp-content\/uploads\/2025\/04\/Zamardi-a-BalatonSzive-1.jpg'><img decoding=\"async\" width=\"1024\" height=\"768\" src=\"https:\/\/tourinformzamardi.hu\/wp-content\/uploads\/2025\/04\/Zamardi-a-BalatonSzive-1-1024x768.jpg\" class=\"attachment-large size-large\" alt=\"Zam\u00e1rdi, a Balaton Sz\u00edve\" aria-describedby=\"gallery-1-2412\" srcset=\"https:\/\/tourinformzamardi.hu\/wp-content\/uploads\/2025\/04\/Zamardi-a-BalatonSzive-1-1024x768.jpg 1024w, https:\/\/tourinformzamardi.hu\/wp-content\/uploads\/2025\/04\/Zamardi-a-BalatonSzive-1-300x225.jpg 300w, https:\/\/tourinformzamardi.hu\/wp-content\/uploads\/2025\/04\/Zamardi-a-BalatonSzive-1-768x576.jpg 768w, https:\/\/tourinformzamardi.hu\/wp-content\/uploads\/2025\/04\/Zamardi-a-BalatonSzive-1-1536x1152.jpg 1536w, https:\/\/tourinformzamardi.hu\/wp-content\/uploads\/2025\/04\/Zamardi-a-BalatonSzive-1-2048x1536.jpg 2048w, https:\/\/tourinformzamardi.hu\/wp-content\/uploads\/2025\/04\/Zamardi-a-BalatonSzive-1-16x12.jpg 16w\" sizes=\"(max-width: 1024px) 100vw, 1024px\" \/><\/a>\n\t\t\t<\/div>\n\t\t\t\t<figcaption class='wp-caption-text gallery-caption' id='gallery-1-2412'>\n\t\t\t\tZam\u00e1rdi, the Heart of Lake Balaton\n\t\t\t\t<\/figcaption><\/figure><figure class='gallery-item'>\n\t\t\t<div class='gallery-icon landscape'>\n\t\t\t\t<a data-elementor-open-lightbox=\"yes\" data-elementor-lightbox-slideshow=\"f150fe3\" data-elementor-lightbox-title=\"Zam\u00e1rdi k\u00f6rforgalom\" data-e-action-hash=\"#elementor-action%3Aaction%3Dlightbox%26settings%3DeyJpZCI6MjQxMywidXJsIjoiaHR0cHM6XC9cL3RvdXJpbmZvcm16YW1hcmRpLmh1XC93cC1jb250ZW50XC91cGxvYWRzXC8yMDI1XC8wNFwvWkFNQVJESS1rb3Jmb3JnYWxvbS5qcGciLCJzbGlkZXNob3ciOiJmMTUwZmUzIn0%3D\" href='https:\/\/tourinformzamardi.hu\/wp-content\/uploads\/2025\/04\/ZAMARDI-korforgalom.jpg'><img loading=\"lazy\" decoding=\"async\" width=\"1024\" height=\"723\" src=\"https:\/\/tourinformzamardi.hu\/wp-content\/uploads\/2025\/04\/ZAMARDI-korforgalom-1024x723.jpg\" class=\"attachment-large size-large\" alt=\"Zam\u00e1rdi k\u00f6rforgalom\" aria-describedby=\"gallery-1-2413\" srcset=\"https:\/\/tourinformzamardi.hu\/wp-content\/uploads\/2025\/04\/ZAMARDI-korforgalom-1024x723.jpg 1024w, https:\/\/tourinformzamardi.hu\/wp-content\/uploads\/2025\/04\/ZAMARDI-korforgalom-300x212.jpg 300w, https:\/\/tourinformzamardi.hu\/wp-content\/uploads\/2025\/04\/ZAMARDI-korforgalom-768x542.jpg 768w, https:\/\/tourinformzamardi.hu\/wp-content\/uploads\/2025\/04\/ZAMARDI-korforgalom-1536x1085.jpg 1536w, https:\/\/tourinformzamardi.hu\/wp-content\/uploads\/2025\/04\/ZAMARDI-korforgalom-2048x1446.jpg 2048w, https:\/\/tourinformzamardi.hu\/wp-content\/uploads\/2025\/04\/ZAMARDI-korforgalom-18x12.jpg 18w\" sizes=\"(max-width: 1024px) 100vw, 1024px\" \/><\/a>\n\t\t\t<\/div>\n\t\t\t\t<figcaption class='wp-caption-text gallery-caption' id='gallery-1-2413'>\n\t\t\t\tZam\u00e1rdi roundabout\n\t\t\t\t<\/figcaption><\/figure><figure class='gallery-item'>\n\t\t\t<div class='gallery-icon landscape'>\n\t\t\t\t<a data-elementor-open-lightbox=\"yes\" data-elementor-lightbox-slideshow=\"f150fe3\" data-elementor-lightbox-title=\"Balaton sz\u00edve t\u00e9r t\u00e9len\" data-e-action-hash=\"#elementor-action%3Aaction%3Dlightbox%26settings%3DeyJpZCI6MjQxNCwidXJsIjoiaHR0cHM6XC9cL3RvdXJpbmZvcm16YW1hcmRpLmh1XC93cC1jb250ZW50XC91cGxvYWRzXC8yMDI1XC8wNFwvQmFsYXRvbi1zeml2ZS10ZXItdGVsZW4uanBnIiwic2xpZGVzaG93IjoiZjE1MGZlMyJ9\" href='https:\/\/tourinformzamardi.hu\/wp-content\/uploads\/2025\/04\/Balaton-szive-ter-telen.jpg'><img loading=\"lazy\" decoding=\"async\" width=\"1024\" height=\"768\" src=\"https:\/\/tourinformzamardi.hu\/wp-content\/uploads\/2025\/04\/Balaton-szive-ter-telen-1024x768.jpg\" class=\"attachment-large size-large\" alt=\"Balaton sz\u00edve t\u00e9r t\u00e9len\" aria-describedby=\"gallery-1-2414\" srcset=\"https:\/\/tourinformzamardi.hu\/wp-content\/uploads\/2025\/04\/Balaton-szive-ter-telen-1024x768.jpg 1024w, https:\/\/tourinformzamardi.hu\/wp-content\/uploads\/2025\/04\/Balaton-szive-ter-telen-300x225.jpg 300w, https:\/\/tourinformzamardi.hu\/wp-content\/uploads\/2025\/04\/Balaton-szive-ter-telen-768x576.jpg 768w, https:\/\/tourinformzamardi.hu\/wp-content\/uploads\/2025\/04\/Balaton-szive-ter-telen-1536x1152.jpg 1536w, https:\/\/tourinformzamardi.hu\/wp-content\/uploads\/2025\/04\/Balaton-szive-ter-telen-16x12.jpg 16w, https:\/\/tourinformzamardi.hu\/wp-content\/uploads\/2025\/04\/Balaton-szive-ter-telen.jpg 2048w\" sizes=\"(max-width: 1024px) 100vw, 1024px\" \/><\/a>\n\t\t\t<\/div>\n\t\t\t\t<figcaption class='wp-caption-text gallery-caption' id='gallery-1-2414'>\n\t\t\t\tThe heart of Balaton in winter\n\t\t\t\t<\/figcaption><\/figure><figure class='gallery-item'>\n\t\t\t<div class='gallery-icon landscape'>\n\t\t\t\t<a data-elementor-open-lightbox=\"yes\" data-elementor-lightbox-slideshow=\"f150fe3\" data-elementor-lightbox-title=\"Balaton sz\u00edve\" data-e-action-hash=\"#elementor-action%3Aaction%3Dlightbox%26settings%3DeyJpZCI6MjQxNSwidXJsIjoiaHR0cHM6XC9cL3RvdXJpbmZvcm16YW1hcmRpLmh1XC93cC1jb250ZW50XC91cGxvYWRzXC8yMDI1XC8wNFwvQmFsYXRvbi1zeml2ZV8tMS5qcGciLCJzbGlkZXNob3ciOiJmMTUwZmUzIn0%3D\" href='https:\/\/tourinformzamardi.hu\/wp-content\/uploads\/2025\/04\/Balaton-szive_-1.jpg'><img loading=\"lazy\" decoding=\"async\" width=\"1024\" height=\"768\" src=\"https:\/\/tourinformzamardi.hu\/wp-content\/uploads\/2025\/04\/Balaton-szive_-1-1024x768.jpg\" class=\"attachment-large size-large\" alt=\"Balaton sz\u00edve\" aria-describedby=\"gallery-1-2415\" srcset=\"https:\/\/tourinformzamardi.hu\/wp-content\/uploads\/2025\/04\/Balaton-szive_-1-1024x768.jpg 1024w, https:\/\/tourinformzamardi.hu\/wp-content\/uploads\/2025\/04\/Balaton-szive_-1-300x225.jpg 300w, https:\/\/tourinformzamardi.hu\/wp-content\/uploads\/2025\/04\/Balaton-szive_-1-768x576.jpg 768w, https:\/\/tourinformzamardi.hu\/wp-content\/uploads\/2025\/04\/Balaton-szive_-1-1536x1152.jpg 1536w, https:\/\/tourinformzamardi.hu\/wp-content\/uploads\/2025\/04\/Balaton-szive_-1-16x12.jpg 16w, https:\/\/tourinformzamardi.hu\/wp-content\/uploads\/2025\/04\/Balaton-szive_-1.jpg 2048w\" sizes=\"(max-width: 1024px) 100vw, 1024px\" \/><\/a>\n\t\t\t<\/div>\n\t\t\t\t<figcaption class='wp-caption-text gallery-caption' id='gallery-1-2415'>\n\t\t\t\tBalaton sz\u00edve\n\t\t\t\t<\/figcaption><\/figure><figure class='gallery-item'>\n\t\t\t<div class='gallery-icon portrait'>\n\t\t\t\t<a data-elementor-open-lightbox=\"yes\" data-elementor-lightbox-slideshow=\"f150fe3\" data-elementor-lightbox-title=\"Kil\u00e1t\u00f3\" data-e-action-hash=\"#elementor-action%3Aaction%3Dlightbox%26settings%3DeyJpZCI6MjQxNiwidXJsIjoiaHR0cHM6XC9cL3RvdXJpbmZvcm16YW1hcmRpLmh1XC93cC1jb250ZW50XC91cGxvYWRzXC8yMDI1XC8wNFwvS2lsYXRvLmpwZWciLCJzbGlkZXNob3ciOiJmMTUwZmUzIn0%3D\" href='https:\/\/tourinformzamardi.hu\/wp-content\/uploads\/2025\/04\/Kilato.jpeg'><img loading=\"lazy\" decoding=\"async\" width=\"768\" height=\"1024\" src=\"https:\/\/tourinformzamardi.hu\/wp-content\/uploads\/2025\/04\/Kilato-768x1024.jpeg\" class=\"attachment-large size-large\" alt=\"Kil\u00e1t\u00f3\" aria-describedby=\"gallery-1-2416\" srcset=\"https:\/\/tourinformzamardi.hu\/wp-content\/uploads\/2025\/04\/Kilato-768x1024.jpeg 768w, https:\/\/tourinformzamardi.hu\/wp-content\/uploads\/2025\/04\/Kilato-225x300.jpeg 225w, https:\/\/tourinformzamardi.hu\/wp-content\/uploads\/2025\/04\/Kilato-1152x1536.jpeg 1152w, https:\/\/tourinformzamardi.hu\/wp-content\/uploads\/2025\/04\/Kilato-9x12.jpeg 9w, https:\/\/tourinformzamardi.hu\/wp-content\/uploads\/2025\/04\/Kilato.jpeg 1536w\" sizes=\"(max-width: 768px) 100vw, 768px\" \/><\/a>\n\t\t\t<\/div>\n\t\t\t\t<figcaption class='wp-caption-text gallery-caption' id='gallery-1-2416'>\n\t\t\t\tLookout\n\t\t\t\t<\/figcaption><\/figure><figure class='gallery-item'>\n\t\t\t<div class='gallery-icon portrait'>\n\t\t\t\t<a data-elementor-open-lightbox=\"yes\" data-elementor-lightbox-slideshow=\"f150fe3\" data-elementor-lightbox-title=\"K\u00f6rforgalom\" data-e-action-hash=\"#elementor-action%3Aaction%3Dlightbox%26settings%3DeyJpZCI6MjQxNywidXJsIjoiaHR0cHM6XC9cL3RvdXJpbmZvcm16YW1hcmRpLmh1XC93cC1jb250ZW50XC91cGxvYWRzXC8yMDI1XC8wNFwva29yZm9yZ2Fsb20uanBnIiwic2xpZGVzaG93IjoiZjE1MGZlMyJ9\" href='https:\/\/tourinformzamardi.hu\/wp-content\/uploads\/2025\/04\/korforgalom.jpg'><img loading=\"lazy\" decoding=\"async\" width=\"760\" height=\"1024\" src=\"https:\/\/tourinformzamardi.hu\/wp-content\/uploads\/2025\/04\/korforgalom-760x1024.jpg\" class=\"attachment-large size-large\" alt=\"K\u00f6rforgalom\" aria-describedby=\"gallery-1-2417\" srcset=\"https:\/\/tourinformzamardi.hu\/wp-content\/uploads\/2025\/04\/korforgalom-760x1024.jpg 760w, https:\/\/tourinformzamardi.hu\/wp-content\/uploads\/2025\/04\/korforgalom-223x300.jpg 223w, https:\/\/tourinformzamardi.hu\/wp-content\/uploads\/2025\/04\/korforgalom-768x1035.jpg 768w, https:\/\/tourinformzamardi.hu\/wp-content\/uploads\/2025\/04\/korforgalom-1140x1536.jpg 1140w, https:\/\/tourinformzamardi.hu\/wp-content\/uploads\/2025\/04\/korforgalom-9x12.jpg 9w, https:\/\/tourinformzamardi.hu\/wp-content\/uploads\/2025\/04\/korforgalom.jpg 1520w\" sizes=\"(max-width: 760px) 100vw, 760px\" \/><\/a>\n\t\t\t<\/div>\n\t\t\t\t<figcaption class='wp-caption-text gallery-caption' id='gallery-1-2417'>\n\t\t\t\tRoundabout\n\t\t\t\t<\/figcaption><\/figure><figure class='gallery-item'>\n\t\t\t<div class='gallery-icon landscape'>\n\t\t\t\t<a data-elementor-open-lightbox=\"yes\" data-elementor-lightbox-slideshow=\"f150fe3\" data-elementor-lightbox-title=\"Kil\u00e1t\u00f3 naplement\u00e9ben\" data-e-action-hash=\"#elementor-action%3Aaction%3Dlightbox%26settings%3DeyJpZCI6MjQyMCwidXJsIjoiaHR0cHM6XC9cL3RvdXJpbmZvcm16YW1hcmRpLmh1XC93cC1jb250ZW50XC91cGxvYWRzXC8yMDI1XC8wNFwvS2lrb3RvLW5hcGxlbWVudGViZW4uanBnIiwic2xpZGVzaG93IjoiZjE1MGZlMyJ9\" href='https:\/\/tourinformzamardi.hu\/wp-content\/uploads\/2025\/04\/Kikoto-naplementeben.jpg'><img loading=\"lazy\" decoding=\"async\" width=\"1024\" height=\"768\" src=\"https:\/\/tourinformzamardi.hu\/wp-content\/uploads\/2025\/04\/Kikoto-naplementeben-1024x768.jpg\" class=\"attachment-large size-large\" alt=\"Kil\u00e1t\u00f3 naplement\u00e9ben\" aria-describedby=\"gallery-1-2420\" srcset=\"https:\/\/tourinformzamardi.hu\/wp-content\/uploads\/2025\/04\/Kikoto-naplementeben-1024x768.jpg 1024w, https:\/\/tourinformzamardi.hu\/wp-content\/uploads\/2025\/04\/Kikoto-naplementeben-300x225.jpg 300w, https:\/\/tourinformzamardi.hu\/wp-content\/uploads\/2025\/04\/Kikoto-naplementeben-768x576.jpg 768w, https:\/\/tourinformzamardi.hu\/wp-content\/uploads\/2025\/04\/Kikoto-naplementeben-1536x1151.jpg 1536w, https:\/\/tourinformzamardi.hu\/wp-content\/uploads\/2025\/04\/Kikoto-naplementeben-2048x1535.jpg 2048w, https:\/\/tourinformzamardi.hu\/wp-content\/uploads\/2025\/04\/Kikoto-naplementeben-16x12.jpg 16w\" sizes=\"(max-width: 1024px) 100vw, 1024px\" \/><\/a>\n\t\t\t<\/div>\n\t\t\t\t<figcaption class='wp-caption-text gallery-caption' id='gallery-1-2420'>\n\t\t\t\tHarbor at sunset\n\t\t\t\t<\/figcaption><\/figure><figure class='gallery-item'>\n\t\t\t<div class='gallery-icon landscape'>\n\t\t\t\t<a data-elementor-open-lightbox=\"yes\" data-elementor-lightbox-slideshow=\"f150fe3\" data-elementor-lightbox-title=\"Lid\u00f3\" data-e-action-hash=\"#elementor-action%3Aaction%3Dlightbox%26settings%3DeyJpZCI6MjQyMSwidXJsIjoiaHR0cHM6XC9cL3RvdXJpbmZvcm16YW1hcmRpLmh1XC93cC1jb250ZW50XC91cGxvYWRzXC8yMDI1XC8wNFwvbGlkby5qcGciLCJzbGlkZXNob3ciOiJmMTUwZmUzIn0%3D\" href='https:\/\/tourinformzamardi.hu\/wp-content\/uploads\/2025\/04\/lido.jpg'><img loading=\"lazy\" decoding=\"async\" width=\"1024\" height=\"768\" src=\"https:\/\/tourinformzamardi.hu\/wp-content\/uploads\/2025\/04\/lido-1024x768.jpg\" class=\"attachment-large size-large\" alt=\"Lid\u00f3\" aria-describedby=\"gallery-1-2421\" srcset=\"https:\/\/tourinformzamardi.hu\/wp-content\/uploads\/2025\/04\/lido-1024x768.jpg 1024w, https:\/\/tourinformzamardi.hu\/wp-content\/uploads\/2025\/04\/lido-300x225.jpg 300w, https:\/\/tourinformzamardi.hu\/wp-content\/uploads\/2025\/04\/lido-768x576.jpg 768w, https:\/\/tourinformzamardi.hu\/wp-content\/uploads\/2025\/04\/lido-1536x1152.jpg 1536w, https:\/\/tourinformzamardi.hu\/wp-content\/uploads\/2025\/04\/lido-2048x1536.jpg 2048w, https:\/\/tourinformzamardi.hu\/wp-content\/uploads\/2025\/04\/lido-16x12.jpg 16w\" sizes=\"(max-width: 1024px) 100vw, 1024px\" \/><\/a>\n\t\t\t<\/div>\n\t\t\t\t<figcaption class='wp-caption-text gallery-caption' id='gallery-1-2421'>\n\t\t\t\tLid\u00f3\n\t\t\t\t<\/figcaption><\/figure><figure class='gallery-item'>\n\t\t\t<div class='gallery-icon landscape'>\n\t\t\t\t<a data-elementor-open-lightbox=\"yes\" data-elementor-lightbox-slideshow=\"f150fe3\" data-elementor-lightbox-title=\"Balaton sz\u00edve t\u00e9r\" data-e-action-hash=\"#elementor-action%3Aaction%3Dlightbox%26settings%3DeyJpZCI6MjQxOSwidXJsIjoiaHR0cHM6XC9cL3RvdXJpbmZvcm16YW1hcmRpLmh1XC93cC1jb250ZW50XC91cGxvYWRzXC8yMDI1XC8wNFwvQmFsYXRvbi1zeml2ZS10ZXIuanBlZyIsInNsaWRlc2hvdyI6ImYxNTBmZTMifQ%3D%3D\" href='https:\/\/tourinformzamardi.hu\/wp-content\/uploads\/2025\/04\/Balaton-szive-ter.jpeg'><img loading=\"lazy\" decoding=\"async\" width=\"1024\" height=\"576\" src=\"https:\/\/tourinformzamardi.hu\/wp-content\/uploads\/2025\/04\/Balaton-szive-ter-1024x576.jpeg\" class=\"attachment-large size-large\" alt=\"Balaton sz\u00edve t\u00e9r\" aria-describedby=\"gallery-1-2419\" srcset=\"https:\/\/tourinformzamardi.hu\/wp-content\/uploads\/2025\/04\/Balaton-szive-ter-1024x576.jpeg 1024w, https:\/\/tourinformzamardi.hu\/wp-content\/uploads\/2025\/04\/Balaton-szive-ter-300x169.jpeg 300w, https:\/\/tourinformzamardi.hu\/wp-content\/uploads\/2025\/04\/Balaton-szive-ter-768x432.jpeg 768w, https:\/\/tourinformzamardi.hu\/wp-content\/uploads\/2025\/04\/Balaton-szive-ter-1536x864.jpeg 1536w, https:\/\/tourinformzamardi.hu\/wp-content\/uploads\/2025\/04\/Balaton-szive-ter-2048x1152.jpeg 2048w, https:\/\/tourinformzamardi.hu\/wp-content\/uploads\/2025\/04\/Balaton-szive-ter-18x10.jpeg 18w\" sizes=\"(max-width: 1024px) 100vw, 1024px\" \/><\/a>\n\t\t\t<\/div>\n\t\t\t\t<figcaption class='wp-caption-text gallery-caption' id='gallery-1-2419'>\n\t\t\t\tHeart of Balaton Square\n\t\t\t\t<\/figcaption><\/figure><figure class='gallery-item'>\n\t\t\t<div class='gallery-icon landscape'>\n\t\t\t\t<a data-elementor-open-lightbox=\"yes\" data-elementor-lightbox-slideshow=\"f150fe3\" data-elementor-lightbox-title=\"Tihanyi l\u00e1tk\u00e9p naplement\u00e9ben\" data-e-action-hash=\"#elementor-action%3Aaction%3Dlightbox%26settings%3DeyJpZCI6MjQxOCwidXJsIjoiaHR0cHM6XC9cL3RvdXJpbmZvcm16YW1hcmRpLmh1XC93cC1jb250ZW50XC91cGxvYWRzXC8yMDI1XC8wNFwvVGloYW55aS1sYXRrZXAtbmFwbGVtZW50ZWJlbi5qcGciLCJzbGlkZXNob3ciOiJmMTUwZmUzIn0%3D\" href='https:\/\/tourinformzamardi.hu\/wp-content\/uploads\/2025\/04\/Tihanyi-latkep-naplementeben.jpg'><img loading=\"lazy\" decoding=\"async\" width=\"1024\" height=\"576\" src=\"https:\/\/tourinformzamardi.hu\/wp-content\/uploads\/2025\/04\/Tihanyi-latkep-naplementeben-1024x576.jpg\" class=\"attachment-large size-large\" alt=\"Tihanyi l\u00e1tk\u00e9p naplement\u00e9ben\" aria-describedby=\"gallery-1-2418\" srcset=\"https:\/\/tourinformzamardi.hu\/wp-content\/uploads\/2025\/04\/Tihanyi-latkep-naplementeben-1024x576.jpg 1024w, https:\/\/tourinformzamardi.hu\/wp-content\/uploads\/2025\/04\/Tihanyi-latkep-naplementeben-300x169.jpg 300w, https:\/\/tourinformzamardi.hu\/wp-content\/uploads\/2025\/04\/Tihanyi-latkep-naplementeben-768x432.jpg 768w, https:\/\/tourinformzamardi.hu\/wp-content\/uploads\/2025\/04\/Tihanyi-latkep-naplementeben-1536x863.jpg 1536w, https:\/\/tourinformzamardi.hu\/wp-content\/uploads\/2025\/04\/Tihanyi-latkep-naplementeben-2048x1151.jpg 2048w, https:\/\/tourinformzamardi.hu\/wp-content\/uploads\/2025\/04\/Tihanyi-latkep-naplementeben-18x10.jpg 18w\" sizes=\"(max-width: 1024px) 100vw, 1024px\" \/><\/a>\n\t\t\t<\/div>\n\t\t\t\t<figcaption class='wp-caption-text gallery-caption' id='gallery-1-2418'>\n\t\t\t\tTihany view at sunset\n\t\t\t\t<\/figcaption><\/figure>\n\t\t<\/div>\n\t\t<\/div>\n\t\t\t\t\t\t<\/div>\n\t\t\t\t<\/div>\n\t\t\t\t\t<\/div>\n\t\t\t\t<\/div>\n\t\t<div class=\"elementor-element elementor-element-85a6777 e-flex e-con-boxed e-con e-parent\" data-id=\"85a6777\" data-element_type=\"container\" data-e-type=\"container\">\n\t\t\t\t\t<div class=\"e-con-inner\">\n\t\t<div class=\"elementor-element elementor-element-8e27b44 e-con-full e-flex e-con e-child\" data-id=\"8e27b44\" data-element_type=\"container\" data-e-type=\"container\">\n\t\t\t\t<div class=\"elementor-element elementor-element-65c7083 elementor-widget elementor-widget-video\" data-id=\"65c7083\" data-element_type=\"widget\" data-e-type=\"widget\" data-settings=\"{&quot;video_type&quot;:&quot;hosted&quot;,&quot;controls&quot;:&quot;yes&quot;}\" data-widget_type=\"video.default\">\n\t\t\t\t<div class=\"elementor-widget-container\">\n\t\t\t\t\t\t\t<div class=\"e-hosted-video elementor-wrapper elementor-open-inline\">\n\t\t\t\t\t<video class=\"elementor-video\" src=\"http:\/\/tourinformzamardi.hu\/wp-content\/uploads\/2025\/04\/Teszt-4-Szerelmesek-hidja.mp4\" controls=\"\" preload=\"metadata\" controlslist=\"nodownload\"><\/video>\n\t\t\t\t<\/div>\n\t\t\t\t\t\t<\/div>\n\t\t\t\t<\/div>\n\t\t\t\t<\/div>\n\t\t<div class=\"elementor-element elementor-element-416ad49 e-con-full e-flex e-con e-child\" data-id=\"416ad49\" data-element_type=\"container\" data-e-type=\"container\">\n\t\t\t\t<div class=\"elementor-element elementor-element-021b29c elementor-widget elementor-widget-video\" data-id=\"021b29c\" data-element_type=\"widget\" data-e-type=\"widget\" data-settings=\"{&quot;video_type&quot;:&quot;hosted&quot;,&quot;controls&quot;:&quot;yes&quot;}\" data-widget_type=\"video.default\">\n\t\t\t\t<div class=\"elementor-widget-container\">\n\t\t\t\t\t\t\t<div class=\"e-hosted-video elementor-wrapper elementor-open-inline\">\n\t\t\t\t\t<video class=\"elementor-video\" src=\"http:\/\/tourinformzamardi.hu\/wp-content\/uploads\/2025\/04\/Teszt-5-Keszegek-ivasa.mp4\" controls=\"\" preload=\"metadata\" controlslist=\"nodownload\"><\/video>\n\t\t\t\t<\/div>\n\t\t\t\t\t\t<\/div>\n\t\t\t\t<\/div>\n\t\t\t\t<\/div>\n\t\t\t\t\t<\/div>\n\t\t\t\t<\/div>\n\t\t\t\t<\/div>","protected":false},"excerpt":{"rendered":"<p>V\u00e1ros k\u00f6zpont nappal V\u00e1rosk\u00f6zpont kora este Zam\u00e1rdi, a Balaton Sz\u00edve Zam\u00e1rdi k\u00f6rforgalom Balaton sz\u00edve t\u00e9r t\u00e9len Balaton sz\u00edve Kil\u00e1t\u00f3 K\u00f6rforgalom Kik\u00f6t\u0151 a naplement\u00e9ben Lid\u00f3 Balaton sz\u00edve t\u00e9r Tihanyi l\u00e1tk\u00e9p naplement\u00e9ben [&hellip;]<\/p>","protected":false},"author":1,"featured_media":0,"parent":0,"menu_order":0,"comment_status":"closed","ping_status":"closed","template":"","meta":{"site-sidebar-layout":"no-sidebar","site-content-layout":"","ast-site-content-layout":"full-width-container","site-content-style":"default","site-sidebar-style":"default","ast-global-header-display":"","ast-banner-title-visibility":"","ast-main-header-display":"","ast-hfb-above-header-display":"","ast-hfb-below-header-display":"","ast-hfb-mobile-header-display":"","site-post-title":"disabled","ast-breadcrumbs-content":"","ast-featured-img":"disabled","footer-sml-layout":"","theme-transparent-header-meta":"","adv-header-id-meta":"","stick-header-meta":"","header-above-stick-meta":"","header-main-stick-meta":"","header-below-stick-meta":"","astra-migrate-meta-layouts":"default","ast-page-background-enabled":"default","ast-page-background-meta":{"desktop":{"background-color":"var(--ast-global-color-5)","background-image":"","background-repeat":"repeat","background-position":"center center","background-size":"auto","background-attachment":"scroll","background-type":"","background-media":"","overlay-type":"","overlay-color":"","overlay-opacity":"","overlay-gradient":""},"tablet":{"background-color":"","background-image":"","background-repeat":"repeat","background-position":"center center","background-size":"auto","background-attachment":"scroll","background-type":"","background-media":"","overlay-type":"","overlay-color":"","overlay-opacity":"","overlay-gradient":""},"mobile":{"background-color":"","background-image":"","background-repeat":"repeat","background-position":"center center","background-size":"auto","background-attachment":"scroll","background-type":"","background-media":"","overlay-type":"","overlay-color":"","overlay-opacity":"","overlay-gradient":""}},"ast-content-background-meta":{"desktop":{"background-color":"var(--ast-global-color-4)","background-image":"","background-repeat":"repeat","background-position":"center center","background-size":"auto","background-attachment":"scroll","background-type":"","background-media":"","overlay-type":"","overlay-color":"","overlay-opacity":"","overlay-gradient":""},"tablet":{"background-color":"var(--ast-global-color-4)","background-image":"","background-repeat":"repeat","background-position":"center center","background-size":"auto","background-attachment":"scroll","background-type":"","background-media":"","overlay-type":"","overlay-color":"","overlay-opacity":"","overlay-gradient":""},"mobile":{"background-color":"var(--ast-global-color-4)","background-image":"","background-repeat":"repeat","background-position":"center center","background-size":"auto","background-attachment":"scroll","background-type":"","background-media":"","overlay-type":"","overlay-color":"","overlay-opacity":"","overlay-gradient":""}},"footnotes":""},"class_list":["post-2097","page","type-page","status-publish","hentry"],"_links":{"self":[{"href":"https:\/\/tourinformzamardi.hu\/en\/wp-json\/wp\/v2\/pages\/2097","targetHints":{"allow":["GET"]}}],"collection":[{"href":"https:\/\/tourinformzamardi.hu\/en\/wp-json\/wp\/v2\/pages"}],"about":[{"href":"https:\/\/tourinformzamardi.hu\/en\/wp-json\/wp\/v2\/types\/page"}],"author":[{"embeddable":true,"href":"https:\/\/tourinformzamardi.hu\/en\/wp-json\/wp\/v2\/users\/1"}],"replies":[{"embeddable":true,"href":"https:\/\/tourinformzamardi.hu\/en\/wp-json\/wp\/v2\/comments?post=2097"}],"version-history":[{"count":28,"href":"https:\/\/tourinformzamardi.hu\/en\/wp-json\/wp\/v2\/pages\/2097\/revisions"}],"predecessor-version":[{"id":2670,"href":"https:\/\/tourinformzamardi.hu\/en\/wp-json\/wp\/v2\/pages\/2097\/revisions\/2670"}],"wp:attachment":[{"href":"https:\/\/tourinformzamardi.hu\/en\/wp-json\/wp\/v2\/media?parent=2097"}],"curies":[{"name":"wp","href":"https:\/\/api.w.org\/{rel}","templated":true}]}}