{"id":2107,"date":"2025-04-02T13:31:18","date_gmt":"2025-04-02T11:31:18","guid":{"rendered":"https:\/\/tourinformzamardi.hu\/?page_id=2107"},"modified":"2025-04-02T13:34:52","modified_gmt":"2025-04-02T11:34:52","slug":"adatkezelesi-tajekoztato","status":"publish","type":"page","link":"https:\/\/tourinformzamardi.hu\/de\/adatkezelesi-tajekoztato\/","title":{"rendered":"Datenschutzerkl\u00e4rung"},"content":{"rendered":"<div data-elementor-type=\"wp-page\" data-elementor-id=\"2107\" class=\"elementor elementor-2107\">\n\t\t\t\t<div class=\"elementor-element elementor-element-fe87bf3 e-flex e-con-boxed e-con e-parent\" data-id=\"fe87bf3\" data-element_type=\"container\" data-e-type=\"container\">\n\t\t\t\t\t<div class=\"e-con-inner\">\n\t\t\t\t<div class=\"elementor-element elementor-element-ed460a2 elementor-widget elementor-widget-heading\" data-id=\"ed460a2\" data-element_type=\"widget\" data-e-type=\"widget\" data-widget_type=\"heading.default\">\n\t\t\t\t<div class=\"elementor-widget-container\">\n\t\t\t\t\t<h2 class=\"elementor-heading-title elementor-size-default\">Adatkezel\u00e9si T\u00e1j\u00e9koztat\u00f3<\/h2>\t\t\t\t<\/div>\n\t\t\t\t<\/div>\n\t\t\t\t<div class=\"elementor-element elementor-element-87498c4 elementor-widget elementor-widget-text-editor\" data-id=\"87498c4\" data-element_type=\"widget\" data-e-type=\"widget\" data-widget_type=\"text-editor.default\">\n\t\t\t\t<div class=\"elementor-widget-container\">\n\t\t\t\t\t\t\t\t\t<h2><strong>1. Bevezet\u00e9s<\/strong><\/h2><p>Jelen adatkezel\u00e9si t\u00e1j\u00e9koztat\u00f3 a\u00a0<strong><a href=\"https:\/\/tourinformzamardi.hu\/de\/\" target=\"_blank\" rel=\"noopener\" data-saferedirecturl=\"https:\/\/www.google.com\/url?q=http:\/\/www.tourinformzamardi.hu&amp;source=gmail&amp;ust=1743679671035000&amp;usg=AOvVaw0wTOQtjacMH-4DWcXfgx48\">www.tourinformzamardi.hu<\/a><\/strong>\u00a0weboldal (a tov\u00e1bbiakban: \u201eWeboldal\u201d) l\u00e1togat\u00f3inak szem\u00e9lyes adatainak kezel\u00e9s\u00e9r\u0151l ny\u00fajt inform\u00e1ci\u00f3t. Az adatkezel\u0151 kiemelt figyelmet ford\u00edt a szem\u00e9lyes adatok v\u00e9delm\u00e9re, \u00e9s adatkezel\u00e9si tev\u00e9kenys\u00e9g\u00e9t a hat\u00e1lyos jogszab\u00e1lyoknak, k\u00fcl\u00f6n\u00f6sen a\u00a0<strong>2016\/679. sz\u00e1m\u00fa \u00c1ltal\u00e1nos Adatv\u00e9delmi Rendeletnek (GDPR)<\/strong>\u00a0\u00e9s a\u00a0<strong>2011. \u00e9vi CXII. t\u00f6rv\u00e9nynek (Infotv.)<\/strong>\u00a0megfelel\u0151en v\u00e9gzi.<\/p><h2><strong>2. Az adatkezel\u0151 adatai<\/strong><\/h2><p><strong>N\u00e9v:<\/strong>\u00a0<span class=\"il\">Zam\u00e1rdi<\/span>\u00a0Tourinform Iroda, K\u00f6z\u00f6ss\u00e9gi H\u00e1z \u00e9s V\u00e1rosi K\u00f6nyvt\u00e1r<br \/><strong>Sz\u00e9khely:<\/strong>\u00a08621\u00a0<span class=\"il\">Zam\u00e1rdi<\/span>, Kossuth Lajos utca 16.<br \/><strong>Ad\u00f3sz\u00e1m:<\/strong>\u00a016806960-1-14<br \/><strong>E-Mail-Adresse:<\/strong>\u00a0<a rel=\"noopener\"><span class=\"il\">zamardi<\/span>@tourinform.hu<\/a><br \/><strong>Telefonsz\u00e1m:<\/strong>\u00a0+36 84 345 290<\/p><h2><strong>3. Milyen adatokat gy\u0171jt\u00fcnk \u00e9s milyen c\u00e9lb\u00f3l?<\/strong><\/h2><p>Az adatkezel\u0151 a Weboldal m\u0171k\u00f6dtet\u00e9se \u00e9s a felhaszn\u00e1l\u00f3k k\u00e9nyelm\u00e9nek biztos\u00edt\u00e1sa \u00e9rdek\u00e9ben gy\u0171jthet szem\u00e9lyes adatokat.<\/p><div><table><thead><tr><th><strong>Adatt\u00edpus<\/strong><\/th><th><strong>Adatkezel\u00e9s c\u00e9lja<\/strong><\/th><th><strong>Jogalap<\/strong><\/th><th><strong>T\u00e1rol\u00e1si id\u0151<\/strong><\/th><\/tr><\/thead><tbody><tr><td>Name<\/td><td>Kapcsolatfelv\u00e9tel, h\u00edrlev\u00e9lk\u00fcld\u00e9s<\/td><td>Felhaszn\u00e1l\u00f3i hozz\u00e1j\u00e1rul\u00e1s (GDPR 6. cikk (1) a) pont)<\/td><td>Hozz\u00e1j\u00e1rul\u00e1s visszavon\u00e1s\u00e1ig<\/td><\/tr><tr><td>E-Mail-Adresse<\/td><td>Kapcsolattart\u00e1s, v\u00e1laszad\u00e1s megkeres\u00e9sekre<\/td><td>Jogos \u00e9rdek (GDPR 6. cikk (1) f) pont)<\/td><td>1 \u00e9v<\/td><\/tr><tr><td>Telefonsz\u00e1m<\/td><td>Kapcsolattart\u00e1s \u00fcgyf\u00e9lszolg\u00e1lati \u00fcgyekben<\/td><td>Jogos \u00e9rdek (GDPR 6. cikk (1) f) pont)<\/td><td>1 \u00e9v<\/td><\/tr><tr><td>IP-c\u00edm<\/td><td>Weboldal biztons\u00e1ga, statisztikai c\u00e9lok<\/td><td>Jogos \u00e9rdek (GDPR 6. cikk (1) f) pont)<\/td><td>30 nap<\/td><\/tr><tr><td>Cookie-k<\/td><td>Weboldal m\u0171k\u00f6dtet\u00e9se, felhaszn\u00e1l\u00f3i \u00e9lm\u00e9ny jav\u00edt\u00e1sa<\/td><td>Hozz\u00e1j\u00e1rul\u00e1s (GDPR 6. cikk (1) a) pont)<\/td><td>A s\u00fctik t\u00edpus\u00e1t\u00f3l f\u00fcgg\u0151en<\/td><\/tr><\/tbody><\/table><\/div><h2><strong>4. S\u00fctik (Cookie-k) kezel\u00e9se<\/strong><\/h2><p>A Weboldal s\u00fctiket (cookie-kat) haszn\u00e1l, hogy jav\u00edtsa a felhaszn\u00e1l\u00f3i \u00e9lm\u00e9nyt \u00e9s biztos\u00edtsa a megfelel\u0151 m\u0171k\u00f6d\u00e9st.<\/p><p>A felhaszn\u00e1l\u00f3k az al\u00e1bbi lehet\u0151s\u00e9gekkel rendelkeznek:<\/p><ul><li><p>Elfogadhatj\u00e1k vagy elutas\u00edthatj\u00e1k a s\u00fctiket.<\/p><\/li><li><p>A b\u00f6ng\u00e9sz\u0151 be\u00e1ll\u00edt\u00e1saiban m\u00f3dos\u00edthatj\u00e1k a s\u00fctik kezel\u00e9s\u00e9t.<\/p><\/li><\/ul><p>Tov\u00e1bbi inform\u00e1ci\u00f3 a\u00a0<strong>[Cookie Szab\u00e1lyzat]<\/strong>\u00a0oldalon tal\u00e1lhat\u00f3.<\/p><h2><strong>5. Kivel osztjuk meg a szem\u00e9lyes adatokat?<\/strong><\/h2><p>Szem\u00e9lyes adatokat\u00a0<strong>harmadik f\u00e9lnek nem adunk ki<\/strong>, kiv\u00e9ve az al\u00e1bbi esetekben:<\/p><ul><li><p><strong>T\u00f6rv\u00e9ny \u00e1ltal el\u0151\u00edrt esetekben hat\u00f3s\u00e1gok sz\u00e1m\u00e1ra.<\/strong><\/p><\/li><li><p><strong>Szolg\u00e1ltat\u00f3knak, akik a Weboldal \u00fczemeltet\u00e9s\u00e9ben seg\u00edtenek<\/strong>\u00a0(pl. t\u00e1rhelyszolg\u00e1ltat\u00f3, analitikai szolg\u00e1ltat\u00f3k).<\/p><\/li><\/ul><h2><strong>6. Adatbiztons\u00e1gi int\u00e9zked\u00e9sek<\/strong><\/h2><p>Az adatkezel\u0151 megfelel\u0151 technikai \u00e9s szervez\u00e9si int\u00e9zked\u00e9seket alkalmaz az adatok v\u00e9delme \u00e9rdek\u00e9ben, hogy megakad\u00e1lyozza az adatveszt\u00e9st, jogosulatlan hozz\u00e1f\u00e9r\u00e9st vagy m\u00f3dos\u00edt\u00e1st.<\/p><h2><strong>7. Az \u00e9rintettek jogai<\/strong><\/h2><p>\u00d6n jogosult:<br \/>&#8211; Hozz\u00e1f\u00e9rni a szem\u00e9lyes adataihoz.<br \/>&#8211; K\u00e9rni azok helyesb\u00edt\u00e9s\u00e9t vagy t\u00f6rl\u00e9s\u00e9t.<br \/>&#8211; Tiltakozni az adatkezel\u00e9s ellen.<br \/>-Hozz\u00e1j\u00e1rul\u00e1s\u00e1t b\u00e1rmikor visszavonni.<\/p><p>K\u00e9r\u00e9s\u00e9t az al\u00e1bbi el\u00e9rhet\u0151s\u00e9gen jelezheti:<br \/>\u00a0<strong>E-mail:<\/strong>\u00a0<a rel=\"noopener\"><span class=\"il\">zamardi<\/span>@tourinform.hu<\/a><br \/>\u00a0<strong>Telefon:<\/strong>\u00a0+36 84 345 290<\/p><h2><strong>8. Jogorvoslati lehet\u0151s\u00e9gek<\/strong><\/h2><p>Amennyiben \u00fagy \u00e9rzi, hogy adatait jogellenesen kezelt\u00fck, panaszt tehet a\u00a0<strong>Nemzeti Adatv\u00e9delmi \u00e9s Inform\u00e1ci\u00f3szabads\u00e1g Hat\u00f3s\u00e1gn\u00e1l (NAIH)<\/strong>:<\/p><p>\u00a0<strong>Adresse:<\/strong>\u00a01055 Budapest, Falk Miksa utca 9-11.<br \/>\u00a0<strong>Telefon:<\/strong>\u00a0+36 1 391 1400<br \/>\u00a0<strong>E-mail:<\/strong>\u00a0<a rel=\"noopener\">ugyfelszolgalat@naih.hu<\/a><br \/>\u00a0<strong>Honlap:<\/strong>\u00a0<a href=\"https:\/\/www.naih.hu\/\" target=\"_blank\" rel=\"noopener\" data-saferedirecturl=\"https:\/\/www.google.com\/url?q=https:\/\/www.naih.hu&amp;source=gmail&amp;ust=1743679671035000&amp;usg=AOvVaw1dwF7NjTeZcNKZy_efv_zR\">www.naih.hu<\/a><\/p><h2><strong>9. Az adatkezel\u00e9si t\u00e1j\u00e9koztat\u00f3 m\u00f3dos\u00edt\u00e1sa<\/strong><\/h2><p>Az adatkezel\u0151 fenntartja a jogot, hogy a t\u00e1j\u00e9koztat\u00f3t m\u00f3dos\u00edtsa. Az esetleges v\u00e1ltoz\u00e1sokat ezen az oldalon tessz\u00fck k\u00f6zz\u00e9.<\/p>\t\t\t\t\t\t\t\t<\/div>\n\t\t\t\t<\/div>\n\t\t\t\t\t<\/div>\n\t\t\t\t<\/div>\n\t\t\t\t<\/div>","protected":false},"excerpt":{"rendered":"<p>Adatkezel\u00e9si T\u00e1j\u00e9koztat\u00f3 1. Bevezet\u00e9s Jelen adatkezel\u00e9si t\u00e1j\u00e9koztat\u00f3 a\u00a0www.tourinformzamardi.hu\u00a0weboldal (a tov\u00e1bbiakban: \u201eWeboldal\u201d) l\u00e1togat\u00f3inak szem\u00e9lyes adatainak kezel\u00e9s\u00e9r\u0151l ny\u00fajt inform\u00e1ci\u00f3t. Az adatkezel\u0151 kiemelt figyelmet ford\u00edt a szem\u00e9lyes adatok v\u00e9delm\u00e9re, \u00e9s adatkezel\u00e9si tev\u00e9kenys\u00e9g\u00e9t a [&hellip;]<\/p>","protected":false},"author":1,"featured_media":0,"parent":0,"menu_order":0,"comment_status":"closed","ping_status":"closed","template":"","meta":{"site-sidebar-layout":"no-sidebar","site-content-layout":"","ast-site-content-layout":"full-width-container","site-content-style":"default","site-sidebar-style":"default","ast-global-header-display":"","ast-banner-title-visibility":"","ast-main-header-display":"","ast-hfb-above-header-display":"","ast-hfb-below-header-display":"","ast-hfb-mobile-header-display":"","site-post-title":"disabled","ast-breadcrumbs-content":"","ast-featured-img":"disabled","footer-sml-layout":"","theme-transparent-header-meta":"","adv-header-id-meta":"","stick-header-meta":"","header-above-stick-meta":"","header-main-stick-meta":"","header-below-stick-meta":"","astra-migrate-meta-layouts":"default","ast-page-background-enabled":"default","ast-page-background-meta":{"desktop":{"background-color":"var(--ast-global-color-5)","background-image":"","background-repeat":"repeat","background-position":"center center","background-size":"auto","background-attachment":"scroll","background-type":"","background-media":"","overlay-type":"","overlay-color":"","overlay-opacity":"","overlay-gradient":""},"tablet":{"background-color":"","background-image":"","background-repeat":"repeat","background-position":"center center","background-size":"auto","background-attachment":"scroll","background-type":"","background-media":"","overlay-type":"","overlay-color":"","overlay-opacity":"","overlay-gradient":""},"mobile":{"background-color":"","background-image":"","background-repeat":"repeat","background-position":"center center","background-size":"auto","background-attachment":"scroll","background-type":"","background-media":"","overlay-type":"","overlay-color":"","overlay-opacity":"","overlay-gradient":""}},"ast-content-background-meta":{"desktop":{"background-color":"var(--ast-global-color-4)","background-image":"","background-repeat":"repeat","background-position":"center center","background-size":"auto","background-attachment":"scroll","background-type":"","background-media":"","overlay-type":"","overlay-color":"","overlay-opacity":"","overlay-gradient":""},"tablet":{"background-color":"var(--ast-global-color-4)","background-image":"","background-repeat":"repeat","background-position":"center center","background-size":"auto","background-attachment":"scroll","background-type":"","background-media":"","overlay-type":"","overlay-color":"","overlay-opacity":"","overlay-gradient":""},"mobile":{"background-color":"var(--ast-global-color-4)","background-image":"","background-repeat":"repeat","background-position":"center center","background-size":"auto","background-attachment":"scroll","background-type":"","background-media":"","overlay-type":"","overlay-color":"","overlay-opacity":"","overlay-gradient":""}},"footnotes":""},"class_list":["post-2107","page","type-page","status-publish","hentry"],"_links":{"self":[{"href":"https:\/\/tourinformzamardi.hu\/de\/wp-json\/wp\/v2\/pages\/2107","targetHints":{"allow":["GET"]}}],"collection":[{"href":"https:\/\/tourinformzamardi.hu\/de\/wp-json\/wp\/v2\/pages"}],"about":[{"href":"https:\/\/tourinformzamardi.hu\/de\/wp-json\/wp\/v2\/types\/page"}],"author":[{"embeddable":true,"href":"https:\/\/tourinformzamardi.hu\/de\/wp-json\/wp\/v2\/users\/1"}],"replies":[{"embeddable":true,"href":"https:\/\/tourinformzamardi.hu\/de\/wp-json\/wp\/v2\/comments?post=2107"}],"version-history":[{"count":7,"href":"https:\/\/tourinformzamardi.hu\/de\/wp-json\/wp\/v2\/pages\/2107\/revisions"}],"predecessor-version":[{"id":2114,"href":"https:\/\/tourinformzamardi.hu\/de\/wp-json\/wp\/v2\/pages\/2107\/revisions\/2114"}],"wp:attachment":[{"href":"https:\/\/tourinformzamardi.hu\/de\/wp-json\/wp\/v2\/media?parent=2107"}],"curies":[{"name":"wp","href":"https:\/\/api.w.org\/{rel}","templated":true}]}}