{"id":135,"date":"2025-02-12T21:41:34","date_gmt":"2025-02-12T20:41:34","guid":{"rendered":"http:\/\/tourinformzamardi.hu\/?page_id=135"},"modified":"2026-03-17T10:33:02","modified_gmt":"2026-03-17T09:33:02","slug":"kiadvanyaink","status":"publish","type":"page","link":"https:\/\/tourinformzamardi.hu\/de\/kiadvanyaink\/","title":{"rendered":"Unsere Publikationen"},"content":{"rendered":"<div data-elementor-type=\"wp-page\" data-elementor-id=\"135\" class=\"elementor elementor-135\">\n\t\t\t\t<div class=\"elementor-element elementor-element-504ea334 e-con-full e-flex e-con e-parent\" data-id=\"504ea334\" data-element_type=\"container\" data-e-type=\"container\" data-settings=\"{&quot;background_background&quot;:&quot;classic&quot;}\">\n\t\t\t\t<div class=\"elementor-element elementor-element-62972cd4 elementor-widget elementor-widget-heading\" data-id=\"62972cd4\" data-element_type=\"widget\" data-e-type=\"widget\" data-widget_type=\"heading.default\">\n\t\t\t\t<div class=\"elementor-widget-container\">\n\t\t\t\t\t<h2 class=\"elementor-heading-title elementor-size-default\">Unsere Publikationen<\/h2>\t\t\t\t<\/div>\n\t\t\t\t<\/div>\n\t\t\t\t<div class=\"elementor-element elementor-element-4a1a90c4 elementor-widget-divider--view-line elementor-widget elementor-widget-divider\" data-id=\"4a1a90c4\" data-element_type=\"widget\" data-e-type=\"widget\" data-widget_type=\"divider.default\">\n\t\t\t\t<div class=\"elementor-widget-container\">\n\t\t\t\t\t\t\t<div class=\"elementor-divider\">\n\t\t\t<span class=\"elementor-divider-separator\">\n\t\t\t\t\t\t<\/span>\n\t\t<\/div>\n\t\t\t\t\t\t<\/div>\n\t\t\t\t<\/div>\n\t\t\t\t<\/div>\n\t\t<div class=\"elementor-element elementor-element-00c00c3 e-flex e-con-boxed e-con e-parent\" data-id=\"00c00c3\" data-element_type=\"container\" data-e-type=\"container\">\n\t\t\t\t\t<div class=\"e-con-inner\">\n\t\t\t\t<div class=\"elementor-element elementor-element-c781540 elementor-widget elementor-widget-heading\" data-id=\"c781540\" data-element_type=\"widget\" data-e-type=\"widget\" data-widget_type=\"heading.default\">\n\t\t\t\t<div class=\"elementor-widget-container\">\n\t\t\t\t\t<h2 class=\"elementor-heading-title elementor-size-default\">Herunterladbare Formulare<\/h2>\t\t\t\t<\/div>\n\t\t\t\t<\/div>\n\t\t\t\t<div class=\"elementor-element elementor-element-9352f79 elementor-widget elementor-widget-heading\" data-id=\"9352f79\" data-element_type=\"widget\" data-e-type=\"widget\" data-widget_type=\"heading.default\">\n\t\t\t\t<div class=\"elementor-widget-container\">\n\t\t\t\t\t<h2 class=\"elementor-heading-title elementor-size-default\"><a href=\"http:\/\/tourinformzamardi.hu\/wp-content\/uploads\/2025\/03\/Kirandulasi-celpontok-Zamardibol.pdf\">Ausflugsziele ab Zam\u00e1rdi \u2013 auf Ungarisch<\/a><\/h2>\t\t\t\t<\/div>\n\t\t\t\t<\/div>\n\t\t\t\t<div class=\"elementor-element elementor-element-6867d50 elementor-widget elementor-widget-heading\" data-id=\"6867d50\" data-element_type=\"widget\" data-e-type=\"widget\" data-widget_type=\"heading.default\">\n\t\t\t\t<div class=\"elementor-widget-container\">\n\t\t\t\t\t<h2 class=\"elementor-heading-title elementor-size-default\"><a href=\"http:\/\/tourinformzamardi.hu\/wp-content\/uploads\/2025\/04\/Zamardi_kiadvany_ENG_WEB_.pdf\">Ausflugsziele von Zam\u00e1rdi - auf Englisch<\/a><\/h2>\t\t\t\t<\/div>\n\t\t\t\t<\/div>\n\t\t\t\t<div class=\"elementor-element elementor-element-bfd50aa elementor-widget elementor-widget-heading\" data-id=\"bfd50aa\" data-element_type=\"widget\" data-e-type=\"widget\" data-widget_type=\"heading.default\">\n\t\t\t\t<div class=\"elementor-widget-container\">\n\t\t\t\t\t<h2 class=\"elementor-heading-title elementor-size-default\"><a href=\"http:\/\/tourinformzamardi.hu\/wp-content\/uploads\/2025\/03\/A3-terkep.pdf\">Zamardi Karte<\/a><\/h2>\t\t\t\t<\/div>\n\t\t\t\t<\/div>\n\t\t\t\t<div class=\"elementor-element elementor-element-a13cf2f elementor-widget elementor-widget-heading\" data-id=\"a13cf2f\" data-element_type=\"widget\" data-e-type=\"widget\" data-widget_type=\"heading.default\">\n\t\t\t\t<div class=\"elementor-widget-container\">\n\t\t\t\t\t<h2 class=\"elementor-heading-title elementor-size-default\"><a href=\"http:\/\/tourinformzamardi.hu\/wp-content\/uploads\/2025\/03\/Balaton-A3-20220330.pdf\">Radkarte Plattensee<\/a><\/h2>\t\t\t\t<\/div>\n\t\t\t\t<\/div>\n\t\t\t\t<div class=\"elementor-element elementor-element-8811311 elementor-widget elementor-widget-heading\" data-id=\"8811311\" data-element_type=\"widget\" data-e-type=\"widget\" data-widget_type=\"heading.default\">\n\t\t\t\t<div class=\"elementor-widget-container\">\n\t\t\t\t\t<h2 class=\"elementor-heading-title elementor-size-default\"><a href=\"http:\/\/tourinformzamardi.hu\/wp-content\/uploads\/2025\/03\/Zamardi-kerekparos-terkep-2-oldalas.pdf\">Fahrradkarte von Zam\u00e1rdi nach Zam\u00e1rdi<\/a><\/h2>\t\t\t\t<\/div>\n\t\t\t\t<\/div>\n\t\t\t\t<div class=\"elementor-element elementor-element-3ec4737 elementor-widget elementor-widget-heading\" data-id=\"3ec4737\" data-element_type=\"widget\" data-e-type=\"widget\" data-widget_type=\"heading.default\">\n\t\t\t\t<div class=\"elementor-widget-container\">\n\t\t\t\t\t<h2 class=\"elementor-heading-title elementor-size-default\"><a href=\"http:\/\/tourinformzamardi.hu\/wp-content\/uploads\/2025\/05\/ZAMARDI_KIADVANY_2024_GER.pdf\">Zam\u00e1rdi-Publikation \u2013 auf Deutsch<\/a><\/h2>\t\t\t\t<\/div>\n\t\t\t\t<\/div>\n\t\t\t\t<div class=\"elementor-element elementor-element-7fbad79 elementor-widget elementor-widget-heading\" data-id=\"7fbad79\" data-element_type=\"widget\" data-e-type=\"widget\" data-widget_type=\"heading.default\">\n\t\t\t\t<div class=\"elementor-widget-container\">\n\t\t\t\t\t<h2 class=\"elementor-heading-title elementor-size-default\"><a href=\"http:\/\/tourinformzamardi.hu\/wp-content\/uploads\/2026\/03\/Rendezvenynaptar-2026.png\">Zam\u00e1rdi rendezv\u00e9nynapt\u00e1r 2026 1. oldal<\/a><\/h2>\t\t\t\t<\/div>\n\t\t\t\t<\/div>\n\t\t\t\t<div class=\"elementor-element elementor-element-c1e6d3a elementor-widget elementor-widget-heading\" data-id=\"c1e6d3a\" data-element_type=\"widget\" data-e-type=\"widget\" data-widget_type=\"heading.default\">\n\t\t\t\t<div class=\"elementor-widget-container\">\n\t\t\t\t\t<h2 class=\"elementor-heading-title elementor-size-default\"><a href=\"http:\/\/tourinformzamardi.hu\/wp-content\/uploads\/2026\/03\/Rendezvenynaptar20262.png\">Zam\u00e1rdi rendezv\u00e9nynapt\u00e1r 2026 2. oldal<\/a><\/h2>\t\t\t\t<\/div>\n\t\t\t\t<\/div>\n\t\t\t\t\t<\/div>\n\t\t\t\t<\/div>\n\t\t<div class=\"elementor-element elementor-element-4b51a273 e-flex e-con-boxed e-con e-parent\" data-id=\"4b51a273\" data-element_type=\"container\" data-e-type=\"container\">\n\t\t\t\t\t<div class=\"e-con-inner\">\n\t\t\t\t<div class=\"elementor-element elementor-element-243ac39b elementor-widget elementor-widget-heading\" data-id=\"243ac39b\" data-element_type=\"widget\" data-e-type=\"widget\" data-widget_type=\"heading.default\">\n\t\t\t\t<div class=\"elementor-widget-container\">\n\t\t\t\t\t<h2 class=\"elementor-heading-title elementor-size-default\">Wenn Sie \u00fcber die Programme in Zam\u00e1rdi informiert bleiben m\u00f6chten, abonnieren Sie unseren Newsletter!<\/h2>\t\t\t\t<\/div>\n\t\t\t\t<\/div>\n\t\t\t\t<div class=\"elementor-element elementor-element-20e1238a elementor-widget elementor-widget-wpforms\" data-id=\"20e1238a\" data-element_type=\"widget\" data-e-type=\"widget\" data-widget_type=\"wpforms.default\">\n\t\t\t\t<div class=\"elementor-widget-container\">\n\t\t\t\t\t<style id=\"wpforms-css-vars-elementor-widget-20e1238a\">\n\t\t\t\t.elementor-widget-wpforms.elementor-element-20e1238a {\n\t\t\t\t--wpforms-button-background-color: #A50F00;\n\t\t\t}\n\t\t\t<\/style><div class=\"wpforms-container wpforms-container-full wpforms-render-modern\" id=\"wpforms-1024\"><form id=\"wpforms-form-1024\" class=\"wpforms-validate wpforms-form wpforms-ajax-form\" data-formid=\"1024\" method=\"post\" enctype=\"multipart\/form-data\" action=\"\/de\/wp-json\/wp\/v2\/pages\/135\" data-token=\"ea519b061bbba838861221bcd33d18c3\" data-token-time=\"1778335111\" data-trp-original-action=\"\/de\/wp-json\/wp\/v2\/pages\/135\"><noscript class=\"wpforms-error-noscript\">Bitte aktiviere JavaScript in deinem Browser, um dieses Formular fertigzustellen.<\/noscript><div id=\"wpforms-error-noscript\" style=\"display: none;\">Bitte aktiviere JavaScript in deinem Browser, um dieses Formular fertigzustellen.<\/div><div class=\"wpforms-field-container\"><div id=\"wpforms-1024-field_1-container\" class=\"wpforms-field wpforms-field-name\" data-field-id=\"1\"><label class=\"wpforms-field-label\" for=\"wpforms-1024-field_1\">Name <span class=\"wpforms-required-label\" aria-hidden=\"true\">*<\/span><\/label><input type=\"text\" id=\"wpforms-1024-field_1\" class=\"wpforms-field-medium wpforms-field-required\" name=\"wpforms[fields][1]\" aria-errormessage=\"wpforms-1024-field_1-error\" required><\/div><div id=\"wpforms-1024-field_2-container\" class=\"wpforms-field wpforms-field-email\" data-field-id=\"2\"><label class=\"wpforms-field-label\" for=\"wpforms-1024-field_2\">E-Mail-Adresse <span class=\"wpforms-required-label\" aria-hidden=\"true\">*<\/span><\/label><input type=\"email\" id=\"wpforms-1024-field_2\" class=\"wpforms-field-medium wpforms-field-required\" name=\"wpforms[fields][2]\" spellcheck=\"false\" aria-errormessage=\"wpforms-1024-field_2-error\" required><\/div>\t\t<div id=\"wpforms-1024-field_3-container\"\n\t\t\tclass=\"wpforms-field wpforms-field-text\"\n\t\t\tdata-field-type=\"text\"\n\t\t\tdata-field-id=\"3\"\n\t\t\t>\n\t\t\t<label class=\"wpforms-field-label\" for=\"wpforms-1024-field_3\" >c\u00edm E-mail N\u00e9v<\/label>\n\t\t\t<input type=\"text\" id=\"wpforms-1024-field_3\" class=\"wpforms-field-medium\" name=\"wpforms[fields][3]\" >\n\t\t<\/div>\n\t\t<div id=\"wpforms-1024-field_6-container\" class=\"wpforms-field wpforms-field-payment-checkbox\" data-field-id=\"6\"><fieldset><legend class=\"wpforms-field-label\"><\/legend><ul id=\"wpforms-1024-field_6\"><li class=\"choice-1\"><input type=\"checkbox\" id=\"wpforms-1024-field_6_1\" class=\"wpforms-payment-price\" data-amount=\"10.00\" name=\"wpforms[fields][6][]\" value=\"1\" aria-errormessage=\"wpforms-1024-field_6_1-error\"  ><label class=\"wpforms-field-label-inline\" for=\"wpforms-1024-field_6_1\">Ich habe die Nutzungsbedingungen gelesen und akzeptiere sie!<\/label><\/li><\/ul><\/fieldset><\/div><script>\n\t\t\t\t( function() {\n\t\t\t\t\tconst style = document.createElement( 'style' );\n\t\t\t\t\tstyle.appendChild( document.createTextNode( '#wpforms-1024-field_3-container { position: absolute !important; overflow: hidden !important; display: inline !important; height: 1px !important; width: 1px !important; z-index: -1000 !important; padding: 0 !important; } #wpforms-1024-field_3-container input { visibility: hidden; } #wpforms-conversational-form-page #wpforms-1024-field_3-container label { counter-increment: none; }' ) );\n\t\t\t\t\tdocument.head.appendChild( style );\n\t\t\t\t\tdocument.currentScript?.remove();\n\t\t\t\t} )();\n\t\t\t<\/script><\/div><!-- .wpforms-field-container --><div class=\"wpforms-submit-container\" ><input type=\"hidden\" name=\"wpforms[id]\" value=\"1024\"><input type=\"hidden\" name=\"page_title\" value=\"\"><input type=\"hidden\" name=\"page_url\" value=\"https:\/\/tourinformzamardi.hu\/de\/wp-json\/wp\/v2\/pages\/135\"><input type=\"hidden\" name=\"url_referer\" value=\"\"><button type=\"submit\" name=\"wpforms[submit]\" id=\"wpforms-submit-1024\" class=\"wpforms-submit\" data-alt-text=\"Feliratkoz\u00e1s..\" data-submit-text=\"Feliratkozom!\" aria-live=\"assertive\" value=\"wpforms-submit\">Ich melde mich an!<\/button><img decoding=\"async\" src=\"https:\/\/tourinformzamardi.hu\/wp-content\/plugins\/wpforms-lite\/assets\/images\/submit-spin.svg\" class=\"wpforms-submit-spinner\" style=\"display: none;\" width=\"26\" height=\"26\" alt=\"Wird geladen\"><\/div><input type=\"hidden\" name=\"trp-form-language\" value=\"de\"\/><\/form><\/div>  <!-- .wpforms-container -->\t\t\t\t<\/div>\n\t\t\t\t<\/div>\n\t\t\t\t\t<\/div>\n\t\t\t\t<\/div>\n\t\t<div class=\"elementor-element elementor-element-2e28c74e e-con-full e-flex e-con e-parent\" data-id=\"2e28c74e\" data-element_type=\"container\" data-e-type=\"container\" data-settings=\"{&quot;background_background&quot;:&quot;classic&quot;}\">\n\t\t<div class=\"elementor-element elementor-element-49b98ce0 e-con-full e-flex e-con e-child\" data-id=\"49b98ce0\" data-element_type=\"container\" data-e-type=\"container\">\n\t\t\t\t<div class=\"elementor-element elementor-element-34ef69c5 elementor-widget elementor-widget-heading\" data-id=\"34ef69c5\" data-element_type=\"widget\" data-e-type=\"widget\" data-widget_type=\"heading.default\">\n\t\t\t\t<div class=\"elementor-widget-container\">\n\t\t\t\t\t<h2 class=\"elementor-heading-title elementor-size-default\">Was ist Tourinform?<\/h2>\t\t\t\t<\/div>\n\t\t\t\t<\/div>\n\t\t\t\t<div class=\"elementor-element elementor-element-70ec9b6f elementor-widget elementor-widget-text-editor\" data-id=\"70ec9b6f\" data-element_type=\"widget\" data-e-type=\"widget\" data-widget_type=\"text-editor.default\">\n\t\t\t\t<div class=\"elementor-widget-container\">\n\t\t\t\t\t\t\t\t\t<p>Tourinform ist ein Netzwerk von Touristeninformationsb\u00fcros, die sowohl in Ungarn als auch im Ausland mit einem bekannten Symbol gekennzeichnet sind und in fast 90 St\u00e4dten im ganzen Land vertreten sind.<br \/>In diesen B\u00fcros erhalten Sie Informationen \u00fcber die Stadt, die Region und das gesamte touristische Angebot des Landes. Die Mitarbeiter der Tourinform-B\u00fcros helfen Ihnen gerne auf Ungarisch und in Fremdsprachen und bieten Ihnen Details zu Unterk\u00fcnften, Gastronomiebetrieben, Verkehrsmitteln,<br \/>Sie k\u00f6nnen auch kostenlose touristische Brosch\u00fcren, Karten und Postkarten in den Tourinform-B\u00fcros erhalten und kaufen.<\/p>\t\t\t\t\t\t\t\t<\/div>\n\t\t\t\t<\/div>\n\t\t\t\t<div class=\"elementor-element elementor-element-22c32356 elementor-shape-circle elementor-grid-0 e-grid-align-center elementor-widget elementor-widget-social-icons\" data-id=\"22c32356\" data-element_type=\"widget\" data-e-type=\"widget\" data-widget_type=\"social-icons.default\">\n\t\t\t\t<div class=\"elementor-widget-container\">\n\t\t\t\t\t\t\t<div class=\"elementor-social-icons-wrapper elementor-grid\">\n\t\t\t\t\t\t\t<span class=\"elementor-grid-item\">\n\t\t\t\t\t<a class=\"elementor-icon elementor-social-icon elementor-social-icon-facebook elementor-repeater-item-7723076\" href=\"https:\/\/www.facebook.com\/profile.php?id=100076029414988\" target=\"_blank\">\n\t\t\t\t\t\t<span class=\"elementor-screen-only\">Facebook<\/span>\n\t\t\t\t\t\t<svg aria-hidden=\"true\" class=\"e-font-icon-svg e-fab-facebook\" viewbox=\"0 0 512 512\" xmlns=\"http:\/\/www.w3.org\/2000\/svg\"><path d=\"M504 256C504 119 393 8 256 8S8 119 8 256c0 123.78 90.69 226.38 209.25 245V327.69h-63V256h63v-54.64c0-62.15 37-96.48 93.67-96.48 27.14 0 55.52 4.84 55.52 4.84v61h-31.28c-30.8 0-40.41 19.12-40.41 38.73V256h68.78l-11 71.69h-57.78V501C413.31 482.38 504 379.78 504 256z\"><\/path><\/svg>\t\t\t\t\t<\/a>\n\t\t\t\t<\/span>\n\t\t\t\t\t<\/div>\n\t\t\t\t\t\t<\/div>\n\t\t\t\t<\/div>\n\t\t\t\t<\/div>\n\t\t<div class=\"elementor-element elementor-element-10ed0e19 e-con-full e-flex e-con e-child\" data-id=\"10ed0e19\" data-element_type=\"container\" data-e-type=\"container\">\n\t\t\t\t<div class=\"elementor-element elementor-element-237c85e7 elementor-widget elementor-widget-heading\" data-id=\"237c85e7\" data-element_type=\"widget\" data-e-type=\"widget\" data-widget_type=\"heading.default\">\n\t\t\t\t<div class=\"elementor-widget-container\">\n\t\t\t\t\t<h2 class=\"elementor-heading-title elementor-size-default\">\u00d6ffnungszeiten<\/h2>\t\t\t\t<\/div>\n\t\t\t\t<\/div>\n\t\t\t\t<div class=\"elementor-element elementor-element-506a736f elementor-widget elementor-widget-text-editor\" data-id=\"506a736f\" data-element_type=\"widget\" data-e-type=\"widget\" data-widget_type=\"text-editor.default\">\n\t\t\t\t<div class=\"elementor-widget-container\">\n\t\t\t\t\t\t\t\t\t<p>Nebensaison:<br \/>Szeptember 16 &#8211; m\u00e1jus 14.<br \/>Montag \u2013 Freitag: 8:00 \u2013 16:00 Uhr<br \/>Samstag \u2013 Sonntag: geschlossen<\/p>\t\t\t\t\t\t\t\t<\/div>\n\t\t\t\t<\/div>\n\t\t\t\t<div class=\"elementor-element elementor-element-1365f028 elementor-widget elementor-widget-text-editor\" data-id=\"1365f028\" data-element_type=\"widget\" data-e-type=\"widget\" data-widget_type=\"text-editor.default\">\n\t\t\t\t<div class=\"elementor-widget-container\">\n\t\t\t\t\t\t\t\t\t<p>Hochsaison:<br \/>15. Mai \u2013 15. Juni<br \/>Montag \u2013 Freitag: 9:00 \u2013 17:00 Uhr<br \/>Szombat: 9.00-14.00<br \/>Sonntag: geschlossen<\/p><p>16. Juni \u2013 22. August<br \/>Montag \u2013 Freitag: 9:00 \u2013 18:00 Uhr<br \/>Samstag: 9:00 \u2013 18:00 Uhr<br \/>Sonntag: 9:00 \u2013 17:00 Uhr<\/p><p>23. August \u2013 15. September<br \/>Montag \u2013 Freitag: 9:00 \u2013 17:00 Uhr<br \/>Szombat: 9.00-14.00<br \/>Sonntag: geschlossen<\/p>\t\t\t\t\t\t\t\t<\/div>\n\t\t\t\t<\/div>\n\t\t\t\t<\/div>\n\t\t<div class=\"elementor-element elementor-element-7df7174c e-con-full e-flex e-con e-child\" data-id=\"7df7174c\" data-element_type=\"container\" data-e-type=\"container\">\n\t\t\t\t<div class=\"elementor-element elementor-element-780ca2d8 elementor-widget elementor-widget-heading\" data-id=\"780ca2d8\" data-element_type=\"widget\" data-e-type=\"widget\" data-widget_type=\"heading.default\">\n\t\t\t\t<div class=\"elementor-widget-container\">\n\t\t\t\t\t<h2 class=\"elementor-heading-title elementor-size-default\">Tourinform Zam\u00e1rdi<\/h2>\t\t\t\t<\/div>\n\t\t\t\t<\/div>\n\t\t<div class=\"elementor-element elementor-element-345ae90e e-con-full e-flex e-con e-child\" data-id=\"345ae90e\" data-element_type=\"container\" data-e-type=\"container\">\n\t\t<div class=\"elementor-element elementor-element-7c7d3ddb e-con-full e-flex e-con e-child\" data-id=\"7c7d3ddb\" data-element_type=\"container\" data-e-type=\"container\">\n\t\t\t\t<div class=\"elementor-element elementor-element-57e213d4 elementor-view-default elementor-widget elementor-widget-icon\" data-id=\"57e213d4\" data-element_type=\"widget\" data-e-type=\"widget\" data-widget_type=\"icon.default\">\n\t\t\t\t<div class=\"elementor-widget-container\">\n\t\t\t\t\t\t\t<div class=\"elementor-icon-wrapper\">\n\t\t\t<a class=\"elementor-icon\" href=\"https:\/\/maps.app.goo.gl\/bQ2GTwYBbK38vox6A\">\n\t\t\t<svg aria-hidden=\"true\" class=\"e-font-icon-svg e-fas-map-marker-alt\" viewbox=\"0 0 384 512\" xmlns=\"http:\/\/www.w3.org\/2000\/svg\"><path d=\"M172.268 501.67C26.97 291.031 0 269.413 0 192 0 85.961 85.961 0 192 0s192 85.961 192 192c0 77.413-26.97 99.031-172.268 309.67-9.535 13.774-29.93 13.773-39.464 0zM192 272c44.183 0 80-35.817 80-80s-35.817-80-80-80-80 35.817-80 80 35.817 80 80 80z\"><\/path><\/svg>\t\t\t<\/a>\n\t\t<\/div>\n\t\t\t\t\t\t<\/div>\n\t\t\t\t<\/div>\n\t\t\t\t<div class=\"elementor-element elementor-element-270febdf elementor-widget elementor-widget-text-editor\" data-id=\"270febdf\" data-element_type=\"widget\" data-e-type=\"widget\" data-widget_type=\"text-editor.default\">\n\t\t\t\t<div class=\"elementor-widget-container\">\n\t\t\t\t\t\t\t\t\t<p>8621 Zam\u00e1rdi, Kossuth Lajos utca 16.<\/p>\t\t\t\t\t\t\t\t<\/div>\n\t\t\t\t<\/div>\n\t\t\t\t<\/div>\n\t\t<div class=\"elementor-element elementor-element-2c9d9c3 e-con-full e-flex e-con e-child\" data-id=\"2c9d9c3\" data-element_type=\"container\" data-e-type=\"container\">\n\t\t\t\t<div class=\"elementor-element elementor-element-74b427a elementor-view-default elementor-widget elementor-widget-icon\" data-id=\"74b427a\" data-element_type=\"widget\" data-e-type=\"widget\" data-widget_type=\"icon.default\">\n\t\t\t\t<div class=\"elementor-widget-container\">\n\t\t\t\t\t\t\t<div class=\"elementor-icon-wrapper\">\n\t\t\t<a class=\"elementor-icon\" href=\"tel:+3684345290\">\n\t\t\t<svg aria-hidden=\"true\" class=\"e-font-icon-svg e-fas-phone-alt\" viewbox=\"0 0 512 512\" xmlns=\"http:\/\/www.w3.org\/2000\/svg\"><path d=\"M497.39 361.8l-112-48a24 24 0 0 0-28 6.9l-49.6 60.6A370.66 370.66 0 0 1 130.6 204.11l60.6-49.6a23.94 23.94 0 0 0 6.9-28l-48-112A24.16 24.16 0 0 0 122.6.61l-104 24A24 24 0 0 0 0 48c0 256.5 207.9 464 464 464a24 24 0 0 0 23.4-18.6l24-104a24.29 24.29 0 0 0-14.01-27.6z\"><\/path><\/svg>\t\t\t<\/a>\n\t\t<\/div>\n\t\t\t\t\t\t<\/div>\n\t\t\t\t<\/div>\n\t\t\t\t<div class=\"elementor-element elementor-element-45e2a72c elementor-widget elementor-widget-text-editor\" data-id=\"45e2a72c\" data-element_type=\"widget\" data-e-type=\"widget\" data-widget_type=\"text-editor.default\">\n\t\t\t\t<div class=\"elementor-widget-container\">\n\t\t\t\t\t\t\t\t\t<p>+36 84 345 290<\/p>\t\t\t\t\t\t\t\t<\/div>\n\t\t\t\t<\/div>\n\t\t\t\t<\/div>\n\t\t<div class=\"elementor-element elementor-element-b95d85b e-con-full e-flex e-con e-child\" data-id=\"b95d85b\" data-element_type=\"container\" data-e-type=\"container\">\n\t\t\t\t<div class=\"elementor-element elementor-element-48f3c2b2 elementor-view-default elementor-widget elementor-widget-icon\" data-id=\"48f3c2b2\" data-element_type=\"widget\" data-e-type=\"widget\" data-widget_type=\"icon.default\">\n\t\t\t\t<div class=\"elementor-widget-container\">\n\t\t\t\t\t\t\t<div class=\"elementor-icon-wrapper\">\n\t\t\t<a class=\"elementor-icon\" href=\"mailto:zamardi@zamarditourinform.hu\">\n\t\t\t<svg aria-hidden=\"true\" class=\"e-font-icon-svg e-fas-envelope\" viewbox=\"0 0 512 512\" xmlns=\"http:\/\/www.w3.org\/2000\/svg\"><path d=\"M502.3 190.8c3.9-3.1 9.7-.2 9.7 4.7V400c0 26.5-21.5 48-48 48H48c-26.5 0-48-21.5-48-48V195.6c0-5 5.7-7.8 9.7-4.7 22.4 17.4 52.1 39.5 154.1 113.6 21.1 15.4 56.7 47.8 92.2 47.6 35.7.3 72-32.8 92.3-47.6 102-74.1 131.6-96.3 154-113.7zM256 320c23.2.4 56.6-29.2 73.4-41.4 132.7-96.3 142.8-104.7 173.4-128.7 5.8-4.5 9.2-11.5 9.2-18.9v-19c0-26.5-21.5-48-48-48H48C21.5 64 0 85.5 0 112v19c0 7.4 3.4 14.3 9.2 18.9 30.6 23.9 40.7 32.4 173.4 128.7 16.8 12.2 50.2 41.8 73.4 41.4z\"><\/path><\/svg>\t\t\t<\/a>\n\t\t<\/div>\n\t\t\t\t\t\t<\/div>\n\t\t\t\t<\/div>\n\t\t\t\t<div class=\"elementor-element elementor-element-3f61e22e elementor-widget elementor-widget-text-editor\" data-id=\"3f61e22e\" data-element_type=\"widget\" data-e-type=\"widget\" data-widget_type=\"text-editor.default\">\n\t\t\t\t<div class=\"elementor-widget-container\">\n\t\t\t\t\t\t\t\t\t<p>zamardi@tourinform.hu<\/p>\t\t\t\t\t\t\t\t<\/div>\n\t\t\t\t<\/div>\n\t\t\t\t<\/div>\n\t\t\t\t<\/div>\n\t\t\t\t<\/div>\n\t\t\t\t<\/div>\n\t\t\t\t<\/div>","protected":false},"excerpt":{"rendered":"<p>Kiadv\u00e1nyaink Let\u00f6lthet\u0151 nyomtatv\u00e1nyok Kir\u00e1ndul\u00e1si c\u00e9lpontok Zam\u00e1rdib\u00f3l &#8211; magyar nyelven Kir\u00e1ndul\u00e1si c\u00e9lpontok Zam\u00e1rdib\u00f3l &#8211; angol nyelven Zam\u00e1rdi t\u00e9rk\u00e9p Balaton ker\u00e9kp\u00e1ros t\u00e9rk\u00e9p Zam\u00e1rdib\u00f3l Zam\u00e1rdiba ker\u00e9kp\u00e1ros t\u00e9rk\u00e9p Zam\u00e1rdi kiadv\u00e1ny &#8211; n\u00e9met nyelven Zam\u00e1rdi [&hellip;]<\/p>","protected":false},"author":1,"featured_media":0,"parent":0,"menu_order":0,"comment_status":"closed","ping_status":"closed","template":"","meta":{"site-sidebar-layout":"no-sidebar","site-content-layout":"","ast-site-content-layout":"full-width-container","site-content-style":"default","site-sidebar-style":"default","ast-global-header-display":"","ast-banner-title-visibility":"","ast-main-header-display":"","ast-hfb-above-header-display":"","ast-hfb-below-header-display":"","ast-hfb-mobile-header-display":"","site-post-title":"disabled","ast-breadcrumbs-content":"","ast-featured-img":"disabled","footer-sml-layout":"","theme-transparent-header-meta":"","adv-header-id-meta":"","stick-header-meta":"","header-above-stick-meta":"","header-main-stick-meta":"","header-below-stick-meta":"","astra-migrate-meta-layouts":"default","ast-page-background-enabled":"default","ast-page-background-meta":{"desktop":{"background-color":"var(--ast-global-color-5)","background-image":"","background-repeat":"repeat","background-position":"center center","background-size":"auto","background-attachment":"scroll","background-type":"","background-media":"","overlay-type":"","overlay-color":"","overlay-opacity":"","overlay-gradient":""},"tablet":{"background-color":"","background-image":"","background-repeat":"repeat","background-position":"center center","background-size":"auto","background-attachment":"scroll","background-type":"","background-media":"","overlay-type":"","overlay-color":"","overlay-opacity":"","overlay-gradient":""},"mobile":{"background-color":"","background-image":"","background-repeat":"repeat","background-position":"center center","background-size":"auto","background-attachment":"scroll","background-type":"","background-media":"","overlay-type":"","overlay-color":"","overlay-opacity":"","overlay-gradient":""}},"ast-content-background-meta":{"desktop":{"background-color":"var(--ast-global-color-4)","background-image":"","background-repeat":"repeat","background-position":"center center","background-size":"auto","background-attachment":"scroll","background-type":"","background-media":"","overlay-type":"","overlay-color":"","overlay-opacity":"","overlay-gradient":""},"tablet":{"background-color":"var(--ast-global-color-4)","background-image":"","background-repeat":"repeat","background-position":"center center","background-size":"auto","background-attachment":"scroll","background-type":"","background-media":"","overlay-type":"","overlay-color":"","overlay-opacity":"","overlay-gradient":""},"mobile":{"background-color":"var(--ast-global-color-4)","background-image":"","background-repeat":"repeat","background-position":"center center","background-size":"auto","background-attachment":"scroll","background-type":"","background-media":"","overlay-type":"","overlay-color":"","overlay-opacity":"","overlay-gradient":""}},"footnotes":""},"class_list":["post-135","page","type-page","status-publish","hentry"],"_links":{"self":[{"href":"https:\/\/tourinformzamardi.hu\/de\/wp-json\/wp\/v2\/pages\/135","targetHints":{"allow":["GET"]}}],"collection":[{"href":"https:\/\/tourinformzamardi.hu\/de\/wp-json\/wp\/v2\/pages"}],"about":[{"href":"https:\/\/tourinformzamardi.hu\/de\/wp-json\/wp\/v2\/types\/page"}],"author":[{"embeddable":true,"href":"https:\/\/tourinformzamardi.hu\/de\/wp-json\/wp\/v2\/users\/1"}],"replies":[{"embeddable":true,"href":"https:\/\/tourinformzamardi.hu\/de\/wp-json\/wp\/v2\/comments?post=135"}],"version-history":[{"count":91,"href":"https:\/\/tourinformzamardi.hu\/de\/wp-json\/wp\/v2\/pages\/135\/revisions"}],"predecessor-version":[{"id":4518,"href":"https:\/\/tourinformzamardi.hu\/de\/wp-json\/wp\/v2\/pages\/135\/revisions\/4518"}],"wp:attachment":[{"href":"https:\/\/tourinformzamardi.hu\/de\/wp-json\/wp\/v2\/media?parent=135"}],"curies":[{"name":"wp","href":"https:\/\/api.w.org\/{rel}","templated":true}]}}